{"id":107,"date":"2015-12-22T06:26:12","date_gmt":"2015-12-22T06:26:12","guid":{"rendered":"http:\/\/www.startpage.si\/antonovanje_new\/?page_id=107"},"modified":"2015-12-22T11:51:36","modified_gmt":"2015-12-22T11:51:36","slug":"kogovska_zupnija","status":"publish","type":"page","link":"https:\/\/www.antonovanje.si\/?page_id=107","title":{"rendered":"Kogovska \u017eupnija"},"content":{"rendered":"<p><img loading=\"lazy\" decoding=\"async\" class=\" wp-image-195 alignleft\" src=\"https:\/\/www.antonovanje.si\/wp-content\/uploads\/2015\/12\/slo_gorice_KOG_karta.gif\" alt=\"slo_gorice_KOG_karta\" width=\"303\" height=\"279\" \/><\/p>\n<table style=\"height: 300px;\" width=\"646\" cellspacing=\"0\" cellpadding=\"0\">\n<tbody>\n<tr>\n<td valign=\"top\">\u0160kofija:<\/td>\n<td valign=\"top\"><strong>Nad\u0161kofija Maribor<\/strong><\/td>\n<\/tr>\n<tr>\n<td valign=\"top\">Zavetnik:<\/td>\n<td valign=\"top\"><strong>sv. Bolfenk, \u0161kof<\/strong><\/td>\n<\/tr>\n<tr>\n<td valign=\"top\">Cerkev:<\/td>\n<td valign=\"top\"><strong>\u017dupnijska cerkev sv. Bolfenka<\/strong><\/td>\n<\/tr>\n<tr>\n<td valign=\"top\">Telefon:<\/td>\n<td valign=\"top\"><strong>02 \/ 713 70 06<\/strong><\/td>\n<\/tr>\n<tr>\n<td valign=\"top\">Naslov:<\/td>\n<td valign=\"top\"><strong>Kog 5<\/strong><\/td>\n<\/tr>\n<tr>\n<td valign=\"top\">Po\u0161tna \u0161tevilka:<\/td>\n<td valign=\"top\"><strong>2276<\/strong><\/td>\n<\/tr>\n<tr>\n<td valign=\"top\">Po\u0161ta:<\/td>\n<td valign=\"top\"><strong>Kog<\/strong><\/td>\n<\/tr>\n<tr>\n<td valign=\"top\">Ma\u0161e ob delavnikih (zimski \u010das):<\/td>\n<td valign=\"top\"><strong>6.30<\/strong><\/td>\n<\/tr>\n<tr>\n<td valign=\"top\">Ma\u0161e ob delavnikih (poletni \u010das):<\/td>\n<td valign=\"top\"><strong>7.00<\/strong><\/td>\n<\/tr>\n<tr>\n<td valign=\"top\">Nedeljske ma\u0161e (zimski \u010das):<\/td>\n<td valign=\"top\"><strong>8.00; 10.00<\/strong><\/td>\n<\/tr>\n<tr>\n<td valign=\"top\">Nedeljske ma\u0161e (poletni \u010das):<\/td>\n<td valign=\"top\"><strong>8.00; 10.00<\/strong><\/td>\n<\/tr>\n<\/tbody>\n<\/table>\n","protected":false},"excerpt":{"rendered":"<p>\u0160kofija: Nad\u0161kofija Maribor Zavetnik: sv. Bolfenk, \u0161kof Cerkev: \u017dupnijska cerkev sv. Bolfenka Telefon: 02 \/ 713 70 06 Naslov: Kog 5 Po\u0161tna \u0161tevilka: 2276 Po\u0161ta: Kog Ma\u0161e ob delavnikih (zimski \u010das): 6.30 Ma\u0161e ob delavnikih (poletni \u010das): 7.00 Nedeljske ma\u0161e (zimski \u010das): 8.00; 10.00 Nedeljske ma\u0161e (poletni \u010das): 8.00; 10.00<\/p>\n","protected":false},"author":1,"featured_media":0,"parent":0,"menu_order":20,"comment_status":"closed","ping_status":"closed","template":"page-templates\/template-fullwidth.php","meta":{"footnotes":""},"class_list":["post-107","page","type-page","status-publish","hentry"],"_links":{"self":[{"href":"https:\/\/www.antonovanje.si\/index.php?rest_route=\/wp\/v2\/pages\/107","targetHints":{"allow":["GET"]}}],"collection":[{"href":"https:\/\/www.antonovanje.si\/index.php?rest_route=\/wp\/v2\/pages"}],"about":[{"href":"https:\/\/www.antonovanje.si\/index.php?rest_route=\/wp\/v2\/types\/page"}],"author":[{"embeddable":true,"href":"https:\/\/www.antonovanje.si\/index.php?rest_route=\/wp\/v2\/users\/1"}],"replies":[{"embeddable":true,"href":"https:\/\/www.antonovanje.si\/index.php?rest_route=%2Fwp%2Fv2%2Fcomments&post=107"}],"version-history":[{"count":9,"href":"https:\/\/www.antonovanje.si\/index.php?rest_route=\/wp\/v2\/pages\/107\/revisions"}],"predecessor-version":[{"id":240,"href":"https:\/\/www.antonovanje.si\/index.php?rest_route=\/wp\/v2\/pages\/107\/revisions\/240"}],"wp:attachment":[{"href":"https:\/\/www.antonovanje.si\/index.php?rest_route=%2Fwp%2Fv2%2Fmedia&parent=107"}],"curies":[{"name":"wp","href":"https:\/\/api.w.org\/{rel}","templated":true}]}}