{"id":162,"date":"2015-12-22T08:25:17","date_gmt":"2015-12-22T08:25:17","guid":{"rendered":"http:\/\/www.startpage.si\/antonovanje_new\/?page_id=162"},"modified":"2015-12-22T18:17:31","modified_gmt":"2015-12-22T18:17:31","slug":"vasovalec","status":"publish","type":"page","link":"https:\/\/www.antonovanje.si\/?page_id=162","title":{"rendered":"Vasovalec"},"content":{"rendered":"<!--[if lt IE 9]><script>document.createElement('audio');<\/script><![endif]-->\n<audio class=\"wp-audio-shortcode\" id=\"audio-162-1\" autoplay=\"1\" preload=\"auto\" style=\"width: 100%;\" controls=\"controls\"><source type=\"audio\/mpeg\" src=\"https:\/\/www.antonovanje.si\/wp-content\/uploads\/2015\/12\/an_alojza-_grnjaka_33_vasovalec.mp3?_=1\" \/><a href=\"https:\/\/www.antonovanje.si\/wp-content\/uploads\/2015\/12\/an_alojza-_grnjaka_33_vasovalec.mp3\">https:\/\/www.antonovanje.si\/wp-content\/uploads\/2015\/12\/an_alojza-_grnjaka_33_vasovalec.mp3<\/a><\/audio>\n<h6 style=\"text-align: center;\">Tam dolah na polji v eni vesi,<br \/>\nimena \u017ee ve\u010d ne ven, sen meja<br \/>\njas negda diklino, to lehko van pa\u010d poven.<br \/>\nJe Micka bla lepa kak ejngel, za mene<br \/>\nje bila zlato, \u010de keri mi toga ne<br \/>\nvervle, pr moji veri je istina to.<\/h6>\n<h6 style=\"text-align: center;\">Enkrat al dvakrat na tjeden, hodja<br \/>\nsem k Micki to dol. F\u010dosik se skrija<br \/>\nna \u0161keden, f\u010dosik sen be\u017ea kak nor.<br \/>\nTe pa je Micka potihen zazvola me:<br \/>\n&#8220;hodi no sen!&#8221;. Sma gu\u010dala, rada<br \/>\nse mela, paj dela se beli den.<\/h6>\n<h6 style=\"text-align: center;\">Leta so hitro potekla,<br \/>\nnama so minola tri,<br \/>\nmidva pa rada se mela,<br \/>\nmela \u0161e izda bi tri.<br \/>\nA pri\u0161lo je \u010dista drga\u010di,<br \/>\n\u0161to krif je za to, se ne ve,<br \/>\nda pri\u0161la sma z Mickoj narozno, nej<br \/>\npesen van tota pove.<\/h6>\n<h6 style=\"text-align: center;\">\u010cehi pa mene so pazli, gda<br \/>\ngodi sem \u0161a domu,<br \/>\nnaenkrat iz teme so zrasli,<br \/>\npod oknom me dobili so.<br \/>\nZ batjagami, s koli, no cepci, na<br \/>\nmene sko\u010dili so fsi, me bili, brsali,<br \/>\nmetali, potrli so rebra mi tri.<\/h6>\n<h6 style=\"text-align: center;\">Potla pa dumah sen<br \/>\nle\u017ea, f posteli tjedne tri,<br \/>\neno in ovo \u0161tendera, kej fse se<br \/>\nna sveti zgodi.<br \/>\nMicko pa z misli sen p\u00fcstja,<br \/>\npredale\u010d do je je bilo,<br \/>\na raj\u0161i kak \u0161e enkrat bi fasa,<br \/>\nvzeja od nje sen slovo,<br \/>\na raj\u0161i kak \u0161e enkrat bi fasa,<br \/>\nvzeja od nje sen slovo.<\/h6>\n<h6 style=\"text-align: right;\"><strong>Prle\u0161ki vasovalec (plo\u0161\u010da ansambla Alojza Grnjaka)<\/strong><\/h6>\n","protected":false},"excerpt":{"rendered":"<p>Tam dolah na polji v eni vesi, imena \u017ee ve\u010d ne ven, sen meja jas negda diklino, to lehko van pa\u010d poven. Je Micka bla lepa kak ejngel, za mene je bila zlato, \u010de keri mi toga ne vervle, pr moji veri je istina to. Enkrat al dvakrat na tjeden, hodja sem k Micki to [&hellip;]<\/p>\n","protected":false},"author":1,"featured_media":0,"parent":28,"menu_order":0,"comment_status":"closed","ping_status":"closed","template":"page-templates\/template-fullwidth.php","meta":{"footnotes":""},"class_list":["post-162","page","type-page","status-publish","hentry"],"_links":{"self":[{"href":"https:\/\/www.antonovanje.si\/index.php?rest_route=\/wp\/v2\/pages\/162","targetHints":{"allow":["GET"]}}],"collection":[{"href":"https:\/\/www.antonovanje.si\/index.php?rest_route=\/wp\/v2\/pages"}],"about":[{"href":"https:\/\/www.antonovanje.si\/index.php?rest_route=\/wp\/v2\/types\/page"}],"author":[{"embeddable":true,"href":"https:\/\/www.antonovanje.si\/index.php?rest_route=\/wp\/v2\/users\/1"}],"replies":[{"embeddable":true,"href":"https:\/\/www.antonovanje.si\/index.php?rest_route=%2Fwp%2Fv2%2Fcomments&post=162"}],"version-history":[{"count":5,"href":"https:\/\/www.antonovanje.si\/index.php?rest_route=\/wp\/v2\/pages\/162\/revisions"}],"predecessor-version":[{"id":365,"href":"https:\/\/www.antonovanje.si\/index.php?rest_route=\/wp\/v2\/pages\/162\/revisions\/365"}],"up":[{"embeddable":true,"href":"https:\/\/www.antonovanje.si\/index.php?rest_route=\/wp\/v2\/pages\/28"}],"wp:attachment":[{"href":"https:\/\/www.antonovanje.si\/index.php?rest_route=%2Fwp%2Fv2%2Fmedia&parent=162"}],"curies":[{"name":"wp","href":"https:\/\/api.w.org\/{rel}","templated":true}]}}