{"id":32,"date":"2015-12-21T20:56:38","date_gmt":"2015-12-21T20:56:38","guid":{"rendered":"http:\/\/www.startpage.si\/antonovanje_new\/?page_id=32"},"modified":"2017-02-24T07:18:52","modified_gmt":"2017-02-24T07:18:52","slug":"o-drustvu","status":"publish","type":"page","link":"https:\/\/www.antonovanje.si\/?page_id=32","title":{"rendered":"O dru\u0161tvu"},"content":{"rendered":"<div class=\"stacks_out\">\n<div class=\"stacks_in\">\n<p>V letu 2010 je za organizacijo in promocijo praznovanja antonovanja bilo ustanovljeno dru\u0161tvo Antonovanje na Kogu. Ob prazniku sv. Antona Pu\u0161\u010davnika se v na\u0161em kraju sre\u010da veliko ljudi in \u017ee tradicionalno zvrsti tudi nekaj vidnej\u0161ih prireditev. \u017delja vseh je, da se obi\u010daji ob godu svetnika ohranijo tudi bodo\u010dim rodovom, predvsem pa, da se v praznovanje vklju\u010di \u010dim ve\u010d po\u010dasi \u017ee izumrlih navad iz preteklosti. Antonovanje je glede obiska in vsebin \u017ee pred leti preseglo meja krajevne skupnosti in ob\u010dine in ljudje se radi vra\u010dajo na prireditve. O samem prazniku \u017ee nekaj let poro\u010damo tudi v lokalnih, ob\u010dinskih in dr\u017eavnih glasilih.<br \/>\nDru\u0161tvo je bilo ustanovljeno z namenom, da\u00a0 poskrbi za celoletno promocijo turisti\u010dnih, kulinari\u010dnih, kulturnih in verskih vsebin, ki so osnova romanja in praznovanja Antonovanja, prav tako pa je dru\u0161tvo zadol\u017eeno za organizacijo in pomo\u010d pri vodenju prireditev. V dru\u0161tvu se trudimo v praznovanje vklju\u010diti tudi ostala dru\u0161tva in organizacije.<br \/>\nV letu 2011 smo tudi s strani KS Kog dobili mandat za organizacijo antonovanja. Prireditve bodo potekale \u010dez \u0161tiri dni od 14.1. do 17.1.2011.<br \/>\nNekateri prireditve se pojavljajo prvi\u010d v tem, nekatere pa prvi\u010d tudi v celotnem slovenskem prostoru.<\/p>\n<div class=\"stacks_clearer\">Cilj dru\u0161tva je poskrbeti za uspe\u0161no izvedbo Antonovanja in pribli\u017eati praznik ljudem tudi onkraj na\u0161ih meja. \u017delja dru\u0161va pa je ohraniti praznovanje v taki ali \u0161e bolj raz\u0161irjeni obliki tudi v bodo\u010de.<br \/>\nNa vse zainteresirane se obra\u010damo z pro\u0161njo, da nam pomagate pri uresni\u010devanju na\u0161ih na\u010drtov v obliki donatorskih sredstev in kakr\u0161nekoli druge pomo\u010di. Prav tako vam ponujamo mo\u017enost ogla\u0161evanja na na\u0161ih prireditvah, za katere po dolgoletnih izku\u0161njah vemo, da bodo zelo dobro obiskane. Za vse prispevke se vam prisr\u010dno zahvaljujemo in vas vabimo, da nas obi\u0161\u010dete ob na\u0161em prazniku.V dru\u0161tvo vabimo vse ljudi dobre volje, da se nam pridru\u017eijo s svojimi idejami in delom in postanejo \u010dlani dru\u0161tva. \u010clanostvo je brezpla\u010dno, sve\u017ee ideje pa zelo dobrodo\u0161le.Za sodelovanje in \u010dlanstvo nam po\u0161ljite mail na\u00a0<u><a href=\"https:\/\/www.antonovanje.si\/%22mailto:info\">\u00a0<\/a><\/u><u><a href=\"mailto:info@antonovanje.si\">info@antonovanje.si<\/a><\/u>\u00a0.<\/div>\n<div class=\"stacks_clearer\"><\/div>\n<div class=\"stacks_clearer\">Prijavnica za pristop v dru\u0161tvo za nove \u010dlane:\u00a0<u><a href=\"\/files\/pristopna.docx\" target=\"_blank\">\u00a0PRISTOPNA.docx<\/a>\u00a0 &#8211; <a href=\"\/files\/pristopna.pdf\" target=\"_blank\">pristopna.pdf<\/a><\/u><\/div>\n<\/div>\n<\/div>\n<div class=\"stacks_clearer\"><\/div>\n<h4 class=\"stacks_clearer\" style=\"text-align: center;\"><span style=\"text-decoration: underline;\"><strong><a href=\"https:\/\/www.antonovanje.si\/wp-content\/uploads\/2015\/12\/DOC008.pdf\" target=\"_blank\" rel=\"\">Statut dru\u0161tva<\/a><\/strong><\/span><\/h4>\n<p>&nbsp;<\/p>\n<h4 class=\"stacks_clearer\" style=\"text-align: center;\"><strong>Dru\u0161tvo\u00a0Antonovanje na Kogu<\/strong><br \/>\n<strong>Kog 7,\u00a02276 Kog<\/strong><\/h4>\n<h6 class=\"stacks_clearer\" style=\"text-align: center;\">Dav\u010dna \u0161tevilka:\u00a071185470;\u00a0TRR odprt pri PBS:\u00a0SI56 9067 2000 0680 904<\/h6>\n<h6 style=\"text-align: center;\">Predsednik dru\u0161tva:<\/h6>\n<h4 class=\"stacks_clearer\" style=\"text-align: center;\"><strong>Slavko Perc, 031 284 702<\/strong><\/h4>\n","protected":false},"excerpt":{"rendered":"<p>V letu 2010 je za organizacijo in promocijo praznovanja antonovanja bilo ustanovljeno dru\u0161tvo Antonovanje na Kogu. Ob prazniku sv. Antona Pu\u0161\u010davnika se v na\u0161em kraju sre\u010da veliko ljudi in \u017ee tradicionalno zvrsti tudi nekaj vidnej\u0161ih prireditev. \u017delja vseh je, da se obi\u010daji ob godu svetnika ohranijo tudi bodo\u010dim rodovom, predvsem pa, da se v praznovanje [&hellip;]<\/p>\n","protected":false},"author":1,"featured_media":0,"parent":0,"menu_order":100,"comment_status":"closed","ping_status":"closed","template":"page-templates\/template-fullwidth.php","meta":{"footnotes":""},"class_list":["post-32","page","type-page","status-publish","hentry"],"_links":{"self":[{"href":"https:\/\/www.antonovanje.si\/index.php?rest_route=\/wp\/v2\/pages\/32","targetHints":{"allow":["GET"]}}],"collection":[{"href":"https:\/\/www.antonovanje.si\/index.php?rest_route=\/wp\/v2\/pages"}],"about":[{"href":"https:\/\/www.antonovanje.si\/index.php?rest_route=\/wp\/v2\/types\/page"}],"author":[{"embeddable":true,"href":"https:\/\/www.antonovanje.si\/index.php?rest_route=\/wp\/v2\/users\/1"}],"replies":[{"embeddable":true,"href":"https:\/\/www.antonovanje.si\/index.php?rest_route=%2Fwp%2Fv2%2Fcomments&post=32"}],"version-history":[{"count":14,"href":"https:\/\/www.antonovanje.si\/index.php?rest_route=\/wp\/v2\/pages\/32\/revisions"}],"predecessor-version":[{"id":891,"href":"https:\/\/www.antonovanje.si\/index.php?rest_route=\/wp\/v2\/pages\/32\/revisions\/891"}],"wp:attachment":[{"href":"https:\/\/www.antonovanje.si\/index.php?rest_route=%2Fwp%2Fv2%2Fmedia&parent=32"}],"curies":[{"name":"wp","href":"https:\/\/api.w.org\/{rel}","templated":true}]}}