{"id":455,"date":"2015-12-23T09:47:07","date_gmt":"2015-12-23T09:47:07","guid":{"rendered":"https:\/\/www.antonovanje.si\/?page_id=455"},"modified":"2015-12-23T09:47:07","modified_gmt":"2015-12-23T09:47:07","slug":"styer-klub-kog","status":"publish","type":"page","link":"https:\/\/www.antonovanje.si\/?page_id=455","title":{"rendered":"Styer klub Kog"},"content":{"rendered":"<p style=\"text-align: justify;\"><img decoding=\"async\" class=\"size-full wp-image-456 alignleft\" src=\"https:\/\/www.antonovanje.si\/wp-content\/uploads\/2015\/12\/styer.tiff\" alt=\"styer\" \/>V klubu \u017eelimo ohraniti pri \u017eivljenju traktorje in stroje, s katerimi so na\u0161i predniki obdelovali zemljo in se s tem tudi pre\u017eivljali. Predvsem pa \u017eelimo ohraniti duh, ki je \u017eivel v ljudeh, ki so radi imeli zemljo, stroje in to tudi spo\u0161tovali. Danes se vse prepogosto dogaja, da ljudje gledajo na stroje in zemljo samo z materialnega vidika. \u017dene jih pohlep po bogastvu in imetju, ki jim ga narekuje industrija, ne pa pre\u017eivetje svoje dru\u017eine ter spo\u0161tovanje zemlje in strojev s pomo\u010djo katerih to zmorejo.<\/p>\n<p>Steyr klub je bil ustanovljen 14.8.2008 v La\u010davesi pri Kogu.<\/p>\n<p>Kontakt:<br \/>\n<a href=\"mailto:steyer-klub@siol.net\">steyer-klub@siol.net<\/a><\/p>\n","protected":false},"excerpt":{"rendered":"<p>V klubu \u017eelimo ohraniti pri \u017eivljenju traktorje in stroje, s katerimi so na\u0161i predniki obdelovali zemljo in se s tem tudi pre\u017eivljali. Predvsem pa \u017eelimo ohraniti duh, ki je \u017eivel v ljudeh, ki so radi imeli zemljo, stroje in to tudi spo\u0161tovali. Danes se vse prepogosto dogaja, da ljudje gledajo na stroje in zemljo samo [&hellip;]<\/p>\n","protected":false},"author":1,"featured_media":0,"parent":20,"menu_order":0,"comment_status":"closed","ping_status":"closed","template":"page-templates\/template-fullwidth.php","meta":{"footnotes":""},"class_list":["post-455","page","type-page","status-publish","hentry"],"_links":{"self":[{"href":"https:\/\/www.antonovanje.si\/index.php?rest_route=\/wp\/v2\/pages\/455","targetHints":{"allow":["GET"]}}],"collection":[{"href":"https:\/\/www.antonovanje.si\/index.php?rest_route=\/wp\/v2\/pages"}],"about":[{"href":"https:\/\/www.antonovanje.si\/index.php?rest_route=\/wp\/v2\/types\/page"}],"author":[{"embeddable":true,"href":"https:\/\/www.antonovanje.si\/index.php?rest_route=\/wp\/v2\/users\/1"}],"replies":[{"embeddable":true,"href":"https:\/\/www.antonovanje.si\/index.php?rest_route=%2Fwp%2Fv2%2Fcomments&post=455"}],"version-history":[{"count":1,"href":"https:\/\/www.antonovanje.si\/index.php?rest_route=\/wp\/v2\/pages\/455\/revisions"}],"predecessor-version":[{"id":457,"href":"https:\/\/www.antonovanje.si\/index.php?rest_route=\/wp\/v2\/pages\/455\/revisions\/457"}],"up":[{"embeddable":true,"href":"https:\/\/www.antonovanje.si\/index.php?rest_route=\/wp\/v2\/pages\/20"}],"wp:attachment":[{"href":"https:\/\/www.antonovanje.si\/index.php?rest_route=%2Fwp%2Fv2%2Fmedia&parent=455"}],"curies":[{"name":"wp","href":"https:\/\/api.w.org\/{rel}","templated":true}]}}