{"id":467,"date":"2015-12-23T10:31:00","date_gmt":"2015-12-23T10:31:00","guid":{"rendered":"https:\/\/www.antonovanje.si\/?page_id=467"},"modified":"2015-12-23T10:31:00","modified_gmt":"2015-12-23T10:31:00","slug":"kunstni-prleki","status":"publish","type":"page","link":"https:\/\/www.antonovanje.si\/?page_id=467","title":{"rendered":"K\u00fcn\u0161tni Prleki"},"content":{"rendered":"<p style=\"text-align: justify;\"><img loading=\"lazy\" decoding=\"async\" class=\" wp-image-468 alignleft\" src=\"https:\/\/www.antonovanje.si\/wp-content\/uploads\/2015\/12\/prleki.tiff\" alt=\"prleki\" width=\"248\" height=\"216\" \/>&#8220;\u010clani Etnolo\u0161ko kulturnega dru\u0161tva K\u00fcn\u0161tni Prleki se od vsega za\u010detka delovanja trudijo ohraniti in negovati bogato kulturno dedi\u0161\u010dino Prlekije, ljudsko izro\u010dilo in pristna nare\u010dja obmo\u010dja LAS Prlekija. V okviru projekta je nastal filmski zapis v seriji nadaljevanj prirejenih za TV predvajanja, v katerih je celotno obmo\u010dje LAS Prlekija prikazano v \u00bb\u017eivi sliki in prle\u0161ki besedi\u00ab in gledalcu kar najbolje pribli\u017ea lepote in posebnosti celotnega obmo\u010dja. Snemanje filmov je potekalo v obliki potovanj po Prlekiji, kjer so nastopajo\u010di \u2013 \u010dlani skupine K\u00fcn\u0161tni Prleki sre\u010devali predstavnike ob\u010din ter doma\u010dine, se dru\u017eili z dru\u0161tvi in organizacijami, ki delujejo v posameznih ob\u010dinah, spoznavali kulturne, etnolo\u0161ke in naravne znamenitosti posameznih delov Prlekije in spremljali pomembnej\u0161e dogodke in prireditve, ki se na tam odvijajo. Prebivalci so bili aktivno vklju\u010deni v delo pri oblikovanju vsebin, v katerih je predstavljen njihov kraj. Projektne aktivnosti so prispevale k pove\u010danju pripadnosti prebivalcev skupni identiteti obmo\u010dja LAS Prlekija ter k prepoznavanju lokalnih posebnosti kot vrednote v duhovnem in materialnem smislu in kot prilo\u017enost za razvoj. Hkrati je projekt prispeval k izbolj\u0161anju samopodobe prebivalcev Prlekije, k dvigu zanimanja za turisti\u010dno ponudbo pode\u017eelskega obmo\u010dja in k pove\u010danju prepoznavnosti in atraktivnosti obmo\u010dja Prlekije v slovenskem in \u0161ir\u0161em prostoru.&#8221;<\/p>\n<p>Kontakt<\/p>\n<p>Naslov:\u00a0Milan Belec<br \/>\n\u017delezne Dveri 9, 9240 Ljutomer<br \/>\nTelefon:\u00a002 584 99 84<br \/>\nGSM:\u00a0041 909 312<br \/>\nE-naslov:\u00a0<a href=\"mailto:mprlek@gmail.com\">mprlek@gmail.com<\/a><\/p>\n","protected":false},"excerpt":{"rendered":"<p>&#8220;\u010clani Etnolo\u0161ko kulturnega dru\u0161tva K\u00fcn\u0161tni Prleki se od vsega za\u010detka delovanja trudijo ohraniti in negovati bogato kulturno dedi\u0161\u010dino Prlekije, ljudsko izro\u010dilo in pristna nare\u010dja obmo\u010dja LAS Prlekija. V okviru projekta je nastal filmski zapis v seriji nadaljevanj prirejenih za TV predvajanja, v katerih je celotno obmo\u010dje LAS Prlekija prikazano v \u00bb\u017eivi sliki in prle\u0161ki besedi\u00ab [&hellip;]<\/p>\n","protected":false},"author":1,"featured_media":0,"parent":20,"menu_order":0,"comment_status":"closed","ping_status":"closed","template":"page-templates\/template-fullwidth.php","meta":{"footnotes":""},"class_list":["post-467","page","type-page","status-publish","hentry"],"_links":{"self":[{"href":"https:\/\/www.antonovanje.si\/index.php?rest_route=\/wp\/v2\/pages\/467","targetHints":{"allow":["GET"]}}],"collection":[{"href":"https:\/\/www.antonovanje.si\/index.php?rest_route=\/wp\/v2\/pages"}],"about":[{"href":"https:\/\/www.antonovanje.si\/index.php?rest_route=\/wp\/v2\/types\/page"}],"author":[{"embeddable":true,"href":"https:\/\/www.antonovanje.si\/index.php?rest_route=\/wp\/v2\/users\/1"}],"replies":[{"embeddable":true,"href":"https:\/\/www.antonovanje.si\/index.php?rest_route=%2Fwp%2Fv2%2Fcomments&post=467"}],"version-history":[{"count":1,"href":"https:\/\/www.antonovanje.si\/index.php?rest_route=\/wp\/v2\/pages\/467\/revisions"}],"predecessor-version":[{"id":469,"href":"https:\/\/www.antonovanje.si\/index.php?rest_route=\/wp\/v2\/pages\/467\/revisions\/469"}],"up":[{"embeddable":true,"href":"https:\/\/www.antonovanje.si\/index.php?rest_route=\/wp\/v2\/pages\/20"}],"wp:attachment":[{"href":"https:\/\/www.antonovanje.si\/index.php?rest_route=%2Fwp%2Fv2%2Fmedia&parent=467"}],"curies":[{"name":"wp","href":"https:\/\/api.w.org\/{rel}","templated":true}]}}