{"id":472,"date":"2015-12-23T11:06:35","date_gmt":"2015-12-23T11:06:35","guid":{"rendered":"https:\/\/www.antonovanje.si\/?page_id=472"},"modified":"2015-12-23T11:10:43","modified_gmt":"2015-12-23T11:10:43","slug":"turisticno-in-kulturno-drustvo-kog","status":"publish","type":"page","link":"https:\/\/www.antonovanje.si\/?page_id=472","title":{"rendered":"Turisti\u010dno in kulturno dru\u0161tvo Kog"},"content":{"rendered":"<p><img loading=\"lazy\" decoding=\"async\" class=\"alignnone size-full wp-image-474 alignleft\" src=\"https:\/\/www.antonovanje.si\/wp-content\/uploads\/2015\/12\/kog-300x169.jpg\" alt=\"kog-300x169\" width=\"300\" height=\"169\" \/>Turisti\u010dno dru\u0161tvo vsako leto v \u010dasu Dnevov turizma organizira postavitev klopotca in v zadnjem \u010dasu vse bolj odmeven Vinski festival, na katerem predstavijo vina, ki so jih na ocenjevanje poslali vinogradniki, ki imajo svoje vinograde na obmo\u010dju Koga.<\/p>\n<p>Turisti\u010dno dru\u0161tvo Kog je bilo pobudnik in organizator izvolitve \u00bbKogovske vinske kraljice\u00ab. Pripravilo je razpisne pogoje in vsaki dve leti izvoli novo vinsko kraljico.<br \/>\nPrva vinska kraljica je bila izvoljena leta 2008, zdaj svoje poslanstvo opravlja \u010detrta vinska kraljica.<\/p>\n<p>K Turisti\u010dnemu dru\u0161tvu Kog, se je leta 2009 pripojilo Kulturno dru\u0161tvo \u00bbJo\u017ee Keren\u010di\u010d\u00ab Kog in od tega datuma dru\u0161tvo nosi naziv TURISTI\u010cNO IN KULTURNO DRU\u0160TVO KOG.<\/p>\n<p>Ve\u010d o dru\u0161tvu in dejavnosti na <a href=\"http:\/\/www.nakogu.si\" target=\"_blank\">www.nakogu.si<\/a>\u00a0in na FB strani\u00a0<a href=\"https:\/\/www.facebook.com\/profile.php?id=100009725163154&amp;fref=ts\" target=\"_blank\">Turisti\u010dno-kulturno dru\u0161tvo Kog<\/a><\/p>\n","protected":false},"excerpt":{"rendered":"<p>Turisti\u010dno dru\u0161tvo vsako leto v \u010dasu Dnevov turizma organizira postavitev klopotca in v zadnjem \u010dasu vse bolj odmeven Vinski festival, na katerem predstavijo vina, ki so jih na ocenjevanje poslali vinogradniki, ki imajo svoje vinograde na obmo\u010dju Koga. Turisti\u010dno dru\u0161tvo Kog je bilo pobudnik in organizator izvolitve \u00bbKogovske vinske kraljice\u00ab. Pripravilo je razpisne pogoje in [&hellip;]<\/p>\n","protected":false},"author":1,"featured_media":0,"parent":20,"menu_order":0,"comment_status":"closed","ping_status":"closed","template":"page-templates\/template-fullwidth.php","meta":{"footnotes":""},"class_list":["post-472","page","type-page","status-publish","hentry"],"_links":{"self":[{"href":"https:\/\/www.antonovanje.si\/index.php?rest_route=\/wp\/v2\/pages\/472","targetHints":{"allow":["GET"]}}],"collection":[{"href":"https:\/\/www.antonovanje.si\/index.php?rest_route=\/wp\/v2\/pages"}],"about":[{"href":"https:\/\/www.antonovanje.si\/index.php?rest_route=\/wp\/v2\/types\/page"}],"author":[{"embeddable":true,"href":"https:\/\/www.antonovanje.si\/index.php?rest_route=\/wp\/v2\/users\/1"}],"replies":[{"embeddable":true,"href":"https:\/\/www.antonovanje.si\/index.php?rest_route=%2Fwp%2Fv2%2Fcomments&post=472"}],"version-history":[{"count":3,"href":"https:\/\/www.antonovanje.si\/index.php?rest_route=\/wp\/v2\/pages\/472\/revisions"}],"predecessor-version":[{"id":476,"href":"https:\/\/www.antonovanje.si\/index.php?rest_route=\/wp\/v2\/pages\/472\/revisions\/476"}],"up":[{"embeddable":true,"href":"https:\/\/www.antonovanje.si\/index.php?rest_route=\/wp\/v2\/pages\/20"}],"wp:attachment":[{"href":"https:\/\/www.antonovanje.si\/index.php?rest_route=%2Fwp%2Fv2%2Fmedia&parent=472"}],"curies":[{"name":"wp","href":"https:\/\/api.w.org\/{rel}","templated":true}]}}