{"id":81,"date":"2015-12-22T00:42:51","date_gmt":"2015-12-22T00:42:51","guid":{"rendered":"http:\/\/www.startpage.si\/antonovanje_new\/?page_id=81"},"modified":"2015-12-22T15:34:42","modified_gmt":"2015-12-22T15:34:42","slug":"pd-ormoz","status":"publish","type":"page","link":"https:\/\/www.antonovanje.si\/?page_id=81","title":{"rendered":"PD Ormo\u017e"},"content":{"rendered":"<div class=\"stacks_out\">\n<div class=\"stacks_in\">\n<div class=\"stacks_div\">\n<div class=\"centered_image\"><a href=\"http:\/\/www.pdrustvo-mmormoz.si\/vsebina.php?str=4_1\" target=\"_blank\" rel=\"external\"><img loading=\"lazy\" decoding=\"async\" class=\"alignnone wp-image-296  alignright\" src=\"https:\/\/www.antonovanje.si\/wp-content\/uploads\/2015\/12\/pd.tiff\" alt=\"pd\" width=\"234\" height=\"37\" \/><\/a><\/div>\n<\/div>\n<\/div>\n<\/div>\n<div class=\"stacks_out\">\n<div class=\"stacks_in\">\n<h5><a href=\"http:\/\/www.pdrustvo-mmormoz.si\/vsebina.php?str=4_1\" target=\"_blank\" rel=\"external\"><img loading=\"lazy\" decoding=\"async\" class=\"wp-image-298 alignleft\" src=\"https:\/\/www.antonovanje.si\/wp-content\/uploads\/2015\/12\/IMG_6664.jpg\" alt=\"IMG_6664\" width=\"286\" height=\"429\" srcset=\"https:\/\/www.antonovanje.si\/wp-content\/uploads\/2015\/12\/IMG_6664.jpg 427w, https:\/\/www.antonovanje.si\/wp-content\/uploads\/2015\/12\/IMG_6664-200x300.jpg 200w\" sizes=\"auto, (max-width: 286px) 100vw, 286px\" \/>Slovenska planinska pot po ob\u010dini Ormo\u017e<\/a><\/h5>\n<p style=\"text-align: justify;\">HUM &#8211; KOG (2 uri)<br \/>\nS Huma nas pot vodi v smeri proti \u0160alovcem. Po cesti se spu\u0161\u010damo v gozd. Sledimo markacijam, ki nas pripeljejo v naselje \u0160alovci. V \u0160alovcih zavijemo proti Kr\u010devini. Pot nas pelje po kolovozu do gozda in dalj \u010dasa skozi gozd proti Vitanu. Od tu hitro opazimo \u0161olo in cerkev na Kogu. Sledimo markacijam in pri mostu zavijemo levo in \u010dez Vodranski Vrh na Kog (316 m). Kog je slemensko naselje, ki ga sestavlja Mali in Veliki Kog. Pri Luskovcevi doma\u010diji je \u017eig in kontrolna to\u010dka (KT-3).<\/p>\n<\/div>\n<\/div>\n","protected":false},"excerpt":{"rendered":"<p>Slovenska planinska pot po ob\u010dini Ormo\u017e HUM &#8211; KOG (2 uri) S Huma nas pot vodi v smeri proti \u0160alovcem. Po cesti se spu\u0161\u010damo v gozd. Sledimo markacijam, ki nas pripeljejo v naselje \u0160alovci. V \u0160alovcih zavijemo proti Kr\u010devini. Pot nas pelje po kolovozu do gozda in dalj \u010dasa skozi gozd proti Vitanu. Od tu [&hellip;]<\/p>\n","protected":false},"author":1,"featured_media":0,"parent":17,"menu_order":0,"comment_status":"closed","ping_status":"closed","template":"page-templates\/template-fullwidth.php","meta":{"footnotes":""},"class_list":["post-81","page","type-page","status-publish","hentry"],"_links":{"self":[{"href":"https:\/\/www.antonovanje.si\/index.php?rest_route=\/wp\/v2\/pages\/81","targetHints":{"allow":["GET"]}}],"collection":[{"href":"https:\/\/www.antonovanje.si\/index.php?rest_route=\/wp\/v2\/pages"}],"about":[{"href":"https:\/\/www.antonovanje.si\/index.php?rest_route=\/wp\/v2\/types\/page"}],"author":[{"embeddable":true,"href":"https:\/\/www.antonovanje.si\/index.php?rest_route=\/wp\/v2\/users\/1"}],"replies":[{"embeddable":true,"href":"https:\/\/www.antonovanje.si\/index.php?rest_route=%2Fwp%2Fv2%2Fcomments&post=81"}],"version-history":[{"count":9,"href":"https:\/\/www.antonovanje.si\/index.php?rest_route=\/wp\/v2\/pages\/81\/revisions"}],"predecessor-version":[{"id":303,"href":"https:\/\/www.antonovanje.si\/index.php?rest_route=\/wp\/v2\/pages\/81\/revisions\/303"}],"up":[{"embeddable":true,"href":"https:\/\/www.antonovanje.si\/index.php?rest_route=\/wp\/v2\/pages\/17"}],"wp:attachment":[{"href":"https:\/\/www.antonovanje.si\/index.php?rest_route=%2Fwp%2Fv2%2Fmedia&parent=81"}],"curies":[{"name":"wp","href":"https:\/\/api.w.org\/{rel}","templated":true}]}}